{"id":391,"date":"2023-08-03T06:30:22","date_gmt":"2023-08-03T06:30:22","guid":{"rendered":"https:\/\/bogazicimedya.com\/towernet\/?page_id=391"},"modified":"2025-05-13T18:57:50","modified_gmt":"2025-05-13T18:57:50","slug":"iletisim","status":"publish","type":"page","link":"https:\/\/bogazicimedya.com\/towernet\/iletisim\/","title":{"rendered":"\u0130leti\u015fim"},"content":{"rendered":"\t\t<div data-elementor-type=\"wp-page\" data-elementor-id=\"391\" class=\"elementor elementor-391\" data-elementor-post-type=\"page\">\n\t\t\t\t\t\t<section class=\"elementor-section elementor-top-section elementor-element elementor-element-ce40305 elementor-section-boxed elementor-section-height-default elementor-section-height-default\" data-id=\"ce40305\" data-element_type=\"section\" data-settings=\"{&quot;background_background&quot;:&quot;classic&quot;,&quot;wdt_bg_image&quot;:{&quot;url&quot;:&quot;&quot;,&quot;id&quot;:&quot;&quot;,&quot;size&quot;:&quot;&quot;},&quot;wdt_bg_image_laptop&quot;:{&quot;url&quot;:&quot;&quot;,&quot;id&quot;:&quot;&quot;,&quot;size&quot;:&quot;&quot;},&quot;wdt_bg_image_tablet_extra&quot;:{&quot;url&quot;:&quot;&quot;,&quot;id&quot;:&quot;&quot;,&quot;size&quot;:&quot;&quot;},&quot;wdt_bg_image_tablet&quot;:{&quot;url&quot;:&quot;&quot;,&quot;id&quot;:&quot;&quot;,&quot;size&quot;:&quot;&quot;},&quot;wdt_bg_image_mobile_extra&quot;:{&quot;url&quot;:&quot;&quot;,&quot;id&quot;:&quot;&quot;,&quot;size&quot;:&quot;&quot;},&quot;wdt_bg_image_mobile&quot;:{&quot;url&quot;:&quot;&quot;,&quot;id&quot;:&quot;&quot;,&quot;size&quot;:&quot;&quot;},&quot;wdt_bg_position&quot;:&quot;center center&quot;,&quot;wdt_animation_effect&quot;:&quot;none&quot;}\">\n\t\t\t\t\t\t\t<div class=\"elementor-background-overlay\"><\/div>\n\t\t\t\t\t\t\t<div class=\"elementor-container elementor-column-gap-no\">\n\t\t\t\t\t<div class=\"elementor-column elementor-col-100 elementor-top-column elementor-element elementor-element-99c7d1f\" data-id=\"99c7d1f\" data-element_type=\"column\">\n\t\t\t<div class=\"elementor-widget-wrap elementor-element-populated\">\n\t\t\t\t\t\t<section class=\"elementor-section elementor-inner-section elementor-element elementor-element-69afa27 elementor-section-full_width elementor-section-height-default elementor-section-height-default\" data-id=\"69afa27\" data-element_type=\"section\" data-settings=\"{&quot;wdt_bg_image&quot;:{&quot;url&quot;:&quot;&quot;,&quot;id&quot;:&quot;&quot;,&quot;size&quot;:&quot;&quot;},&quot;wdt_bg_image_laptop&quot;:{&quot;url&quot;:&quot;&quot;,&quot;id&quot;:&quot;&quot;,&quot;size&quot;:&quot;&quot;},&quot;wdt_bg_image_tablet_extra&quot;:{&quot;url&quot;:&quot;&quot;,&quot;id&quot;:&quot;&quot;,&quot;size&quot;:&quot;&quot;},&quot;wdt_bg_image_tablet&quot;:{&quot;url&quot;:&quot;&quot;,&quot;id&quot;:&quot;&quot;,&quot;size&quot;:&quot;&quot;},&quot;wdt_bg_image_mobile_extra&quot;:{&quot;url&quot;:&quot;&quot;,&quot;id&quot;:&quot;&quot;,&quot;size&quot;:&quot;&quot;},&quot;wdt_bg_image_mobile&quot;:{&quot;url&quot;:&quot;&quot;,&quot;id&quot;:&quot;&quot;,&quot;size&quot;:&quot;&quot;},&quot;wdt_bg_position&quot;:&quot;center center&quot;,&quot;wdt_animation_effect&quot;:&quot;none&quot;}\">\n\t\t\t\t\t\t<div class=\"elementor-container elementor-column-gap-no\">\n\t\t\t\t\t<div class=\"elementor-column elementor-col-50 elementor-inner-column elementor-element elementor-element-8357c22 elementor-invisible\" data-id=\"8357c22\" data-element_type=\"column\" data-settings=\"{&quot;animation&quot;:&quot;fadeInLeft&quot;}\">\n\t\t\t<div class=\"elementor-widget-wrap elementor-element-populated\">\n\t\t\t\t\t\t<div class=\"elementor-element elementor-element-224211a elementor-widget__width-initial elementor-widget elementor-widget-wdt-heading\" data-id=\"224211a\" data-element_type=\"widget\" data-settings=\"{&quot;split_heading&quot;:&quot;true&quot;,&quot;wdt_enable_inview_status&quot;:&quot;true&quot;,&quot;wdt_animation_effect&quot;:&quot;none&quot;}\" data-widget_type=\"wdt-heading.default\">\n\t\t\t\t<div class=\"elementor-widget-container\">\n\t\t\t\t\t<div class=\"wdt-heading-holder \" id=\"wdt-heading-224211a\"><div class=\"wdt-heading-subtitle-wrapper wdt-heading-align-default-align \"><span class=\"wdt-heading-subtitle\">G\u00fcvenilir \u0130nternet Sa\u011flay\u0131c\u0131n\u0131z<\/span><\/div><h2 class=\"wdt-heading-title-wrapper wdt-heading-align-default-align wdt-heading-deco-wrapper\"><span class=\"wdt-heading-title\">Bizimle \u0130leti\u015fime Ge\u00e7erek <span class=\"wdt-split-heading-wrapper\"><span class=\"wdt-split-heading-title\">\u0130<\/span><span class=\"wdt-split-heading-title\">h<\/span><span class=\"wdt-split-heading-title\">t<\/span><span class=\"wdt-split-heading-title\">i<\/span><span class=\"wdt-split-heading-title\">y<\/span><span class=\"wdt-split-heading-title\">a<\/span><span class=\"wdt-split-heading-title\">\u00e7<\/span><span class=\"wdt-split-heading-title\">l<\/span><span class=\"wdt-split-heading-title\">a<\/span><span class=\"wdt-split-heading-title\">r<\/span><span class=\"wdt-split-heading-title\">\u0131<\/span><span class=\"wdt-split-heading-title\">n<\/span><span class=\"wdt-split-heading-title\">\u0131<\/span><span class=\"wdt-split-heading-title\">z<\/span><span class=\"wdt-split-heading-title\">a<\/span><\/span> <span class=\"wdt-split-heading-wrapper\"><span class=\"wdt-split-heading-title\">\u00d6<\/span><span class=\"wdt-split-heading-title\">z<\/span><span class=\"wdt-split-heading-title\">e<\/span><span class=\"wdt-split-heading-title\">l<\/span><\/span> <span class=\"wdt-split-heading-wrapper\"><span class=\"wdt-split-heading-title\">\u00c7<\/span><span class=\"wdt-split-heading-title\">\u00f6<\/span><span class=\"wdt-split-heading-title\">z<\/span><span class=\"wdt-split-heading-title\">\u00fc<\/span><span class=\"wdt-split-heading-title\">m<\/span><span class=\"wdt-split-heading-title\">l<\/span><span class=\"wdt-split-heading-title\">e<\/span><span class=\"wdt-split-heading-title\">r<\/span><\/span> Talep Edebilirsiniz<\/span><\/h2><\/div>\t\t\t\t<\/div>\n\t\t\t\t<\/div>\n\t\t\t\t<section class=\"elementor-section elementor-inner-section elementor-element elementor-element-d93e581 elementor-section-full_width wdt-section-wrap-col elementor-section-height-default elementor-section-height-default\" data-id=\"d93e581\" data-element_type=\"section\" data-settings=\"{&quot;wdt_bg_image&quot;:{&quot;url&quot;:&quot;&quot;,&quot;id&quot;:&quot;&quot;,&quot;size&quot;:&quot;&quot;},&quot;wdt_bg_image_laptop&quot;:{&quot;url&quot;:&quot;&quot;,&quot;id&quot;:&quot;&quot;,&quot;size&quot;:&quot;&quot;},&quot;wdt_bg_image_tablet_extra&quot;:{&quot;url&quot;:&quot;&quot;,&quot;id&quot;:&quot;&quot;,&quot;size&quot;:&quot;&quot;},&quot;wdt_bg_image_tablet&quot;:{&quot;url&quot;:&quot;&quot;,&quot;id&quot;:&quot;&quot;,&quot;size&quot;:&quot;&quot;},&quot;wdt_bg_image_mobile_extra&quot;:{&quot;url&quot;:&quot;&quot;,&quot;id&quot;:&quot;&quot;,&quot;size&quot;:&quot;&quot;},&quot;wdt_bg_image_mobile&quot;:{&quot;url&quot;:&quot;&quot;,&quot;id&quot;:&quot;&quot;,&quot;size&quot;:&quot;&quot;},&quot;wdt_bg_position&quot;:&quot;center center&quot;,&quot;wdt_animation_effect&quot;:&quot;none&quot;}\">\n\t\t\t\t\t\t<div class=\"elementor-container elementor-column-gap-no\">\n\t\t\t\t\t<div class=\"elementor-column elementor-col-50 elementor-inner-column elementor-element elementor-element-4487812\" data-id=\"4487812\" data-element_type=\"column\">\n\t\t\t<div class=\"elementor-widget-wrap elementor-element-populated\">\n\t\t\t\t\t\t<div class=\"elementor-element elementor-element-760045d wdt-custom-contact-icons elementor-widget elementor-widget-wdt-icon-box\" data-id=\"760045d\" data-element_type=\"widget\" data-settings=\"{&quot;columns&quot;:&quot;1&quot;,&quot;columns_laptop&quot;:&quot;1&quot;,&quot;columns_tablet_extra&quot;:&quot;1&quot;,&quot;columns_tablet&quot;:&quot;1&quot;,&quot;columns_mobile_extra&quot;:1,&quot;columns_mobile&quot;:1,&quot;carousel_arrows_prev_arrow_vertical_top_indent&quot;:{&quot;unit&quot;:&quot;%&quot;,&quot;size&quot;:&quot;&quot;,&quot;sizes&quot;:[]},&quot;carousel_arrows_prev_arrow_vertical_top_indent_laptop&quot;:{&quot;unit&quot;:&quot;px&quot;,&quot;size&quot;:&quot;&quot;,&quot;sizes&quot;:[]},&quot;carousel_arrows_prev_arrow_vertical_top_indent_tablet_extra&quot;:{&quot;unit&quot;:&quot;px&quot;,&quot;size&quot;:&quot;&quot;,&quot;sizes&quot;:[]},&quot;carousel_arrows_prev_arrow_vertical_top_indent_tablet&quot;:{&quot;unit&quot;:&quot;%&quot;,&quot;size&quot;:&quot;&quot;,&quot;sizes&quot;:[]},&quot;carousel_arrows_prev_arrow_vertical_top_indent_mobile_extra&quot;:{&quot;unit&quot;:&quot;px&quot;,&quot;size&quot;:&quot;&quot;,&quot;sizes&quot;:[]},&quot;carousel_arrows_prev_arrow_vertical_top_indent_mobile&quot;:{&quot;unit&quot;:&quot;%&quot;,&quot;size&quot;:&quot;&quot;,&quot;sizes&quot;:[]},&quot;carousel_arrows_prev_arrow_horizontal_left_indent&quot;:{&quot;unit&quot;:&quot;%&quot;,&quot;size&quot;:&quot;&quot;,&quot;sizes&quot;:[]},&quot;carousel_arrows_prev_arrow_horizontal_left_indent_laptop&quot;:{&quot;unit&quot;:&quot;px&quot;,&quot;size&quot;:&quot;&quot;,&quot;sizes&quot;:[]},&quot;carousel_arrows_prev_arrow_horizontal_left_indent_tablet_extra&quot;:{&quot;unit&quot;:&quot;px&quot;,&quot;size&quot;:&quot;&quot;,&quot;sizes&quot;:[]},&quot;carousel_arrows_prev_arrow_horizontal_left_indent_tablet&quot;:{&quot;unit&quot;:&quot;%&quot;,&quot;size&quot;:&quot;&quot;,&quot;sizes&quot;:[]},&quot;carousel_arrows_prev_arrow_horizontal_left_indent_mobile_extra&quot;:{&quot;unit&quot;:&quot;px&quot;,&quot;size&quot;:&quot;&quot;,&quot;sizes&quot;:[]},&quot;carousel_arrows_prev_arrow_horizontal_left_indent_mobile&quot;:{&quot;unit&quot;:&quot;%&quot;,&quot;size&quot;:&quot;&quot;,&quot;sizes&quot;:[]},&quot;carousel_arrows_next_arrow_vertical_top_indent&quot;:{&quot;unit&quot;:&quot;%&quot;,&quot;size&quot;:&quot;&quot;,&quot;sizes&quot;:[]},&quot;carousel_arrows_next_arrow_vertical_top_indent_laptop&quot;:{&quot;unit&quot;:&quot;px&quot;,&quot;size&quot;:&quot;&quot;,&quot;sizes&quot;:[]},&quot;carousel_arrows_next_arrow_vertical_top_indent_tablet_extra&quot;:{&quot;unit&quot;:&quot;px&quot;,&quot;size&quot;:&quot;&quot;,&quot;sizes&quot;:[]},&quot;carousel_arrows_next_arrow_vertical_top_indent_tablet&quot;:{&quot;unit&quot;:&quot;%&quot;,&quot;size&quot;:&quot;&quot;,&quot;sizes&quot;:[]},&quot;carousel_arrows_next_arrow_vertical_top_indent_mobile_extra&quot;:{&quot;unit&quot;:&quot;px&quot;,&quot;size&quot;:&quot;&quot;,&quot;sizes&quot;:[]},&quot;carousel_arrows_next_arrow_vertical_top_indent_mobile&quot;:{&quot;unit&quot;:&quot;%&quot;,&quot;size&quot;:&quot;&quot;,&quot;sizes&quot;:[]},&quot;carousel_arrows_next_arrow_horizontal_left_indent&quot;:{&quot;unit&quot;:&quot;%&quot;,&quot;size&quot;:&quot;&quot;,&quot;sizes&quot;:[]},&quot;carousel_arrows_next_arrow_horizontal_left_indent_laptop&quot;:{&quot;unit&quot;:&quot;px&quot;,&quot;size&quot;:&quot;&quot;,&quot;sizes&quot;:[]},&quot;carousel_arrows_next_arrow_horizontal_left_indent_tablet_extra&quot;:{&quot;unit&quot;:&quot;px&quot;,&quot;size&quot;:&quot;&quot;,&quot;sizes&quot;:[]},&quot;carousel_arrows_next_arrow_horizontal_left_indent_tablet&quot;:{&quot;unit&quot;:&quot;%&quot;,&quot;size&quot;:&quot;&quot;,&quot;sizes&quot;:[]},&quot;carousel_arrows_next_arrow_horizontal_left_indent_mobile_extra&quot;:{&quot;unit&quot;:&quot;px&quot;,&quot;size&quot;:&quot;&quot;,&quot;sizes&quot;:[]},&quot;carousel_arrows_next_arrow_horizontal_left_indent_mobile&quot;:{&quot;unit&quot;:&quot;%&quot;,&quot;size&quot;:&quot;&quot;,&quot;sizes&quot;:[]},&quot;wdt_animation_effect&quot;:&quot;none&quot;}\" data-widget_type=\"wdt-icon-box.default\">\n\t\t\t\t<div class=\"elementor-widget-container\">\n\t\t\t\t\t<div class=\"wdt-icon-box-holder wdt-content-item-holder wdt-column-holder wdt-rc-template-custom-template\" id=\"wdt-icon-box-760045d\" data-settings=\"\"><div class=\"wdt-column-wrapper wdt-column-gap-default\"><div class=\"wdt-column\"><div class=\"wdt-content-item\"><div class=\"wdt-content-media-group\"><div class=\"wdt-content-icon-wrapper\"><div class=\"wdt-content-icon\"><span><i><svg xmlns=\"http:\/\/www.w3.org\/2000\/svg\" xmlns:xlink=\"http:\/\/www.w3.org\/1999\/xlink\" x=\"0px\" y=\"0px\" viewBox=\"0 0 35 35\" style=\"enable-background:new 0 0 35 35;\" xml:space=\"preserve\"><filter filterUnits=\"userSpaceOnUse\" height=\"46.755\" width=\"37.845\" x=\"0\" y=\"0\">\t\t<feGaussianBlur stdDeviation=\"1.5\"><\/feGaussianBlur>\t\t\t<\/filter><g transform=\"matrix(1, 0, 0, 1, 0, 0)\">\t<path d=\"M17.5,1.7c-6.6,0-12,5.4-12,12c0,5,6.9,14.3,10.5,19c0.6,0.8,1.8,0.9,2.6,0.3  c0.1-0.1,0.2-0.2,0.3-0.3c3.7-4.6,10.5-14,10.5-19C29.5,7,24.1,1.7,17.5,1.7 M22.8,14.1c-0.2,3-2.8,5.2-5.8,4.9  c-3-0.2-5.2-2.8-4.9-5.8c0.2-2.6,2.3-4.7,4.9-4.9c3-0.2,5.6,2,5.8,5C22.9,13.5,22.9,13.8,22.8,14.1\"><\/path><\/g><\/svg><\/i><\/span><\/div><\/div><\/div><div class=\"wdt-content-detail-group\"><div class=\"wdt-content-title\"><h5>Gazima\u011fusa<\/h5><\/div><div class=\"wdt-content-description\">\u0130smet \u0130n\u00f6n\u00fc Bulvar\u0131, M\u00fcmtaz Apt. C Blok No: 5 \n<br>(Halk Bankas\u0131 kar\u015f\u0131s\u0131) Gazima\u011fusa \/ KKTC\n<\/div><\/div><\/div><\/div><div class=\"wdt-column\"><div class=\"wdt-content-item\"><div class=\"wdt-content-media-group\"><div class=\"wdt-content-icon-wrapper\"><div class=\"wdt-content-icon\"><span><i><svg xmlns=\"http:\/\/www.w3.org\/2000\/svg\" xmlns:xlink=\"http:\/\/www.w3.org\/1999\/xlink\" x=\"0px\" y=\"0px\" viewBox=\"0 0 35 35\" style=\"enable-background:new 0 0 35 35;\" xml:space=\"preserve\"><filter filterUnits=\"userSpaceOnUse\" height=\"46.755\" width=\"37.845\" x=\"0\" y=\"0\">\t\t<feGaussianBlur stdDeviation=\"1.5\"><\/feGaussianBlur>\t\t\t<\/filter><g transform=\"matrix(1, 0, 0, 1, 0, 0)\">\t<path d=\"M17.5,1.7c-6.6,0-12,5.4-12,12c0,5,6.9,14.3,10.5,19c0.6,0.8,1.8,0.9,2.6,0.3  c0.1-0.1,0.2-0.2,0.3-0.3c3.7-4.6,10.5-14,10.5-19C29.5,7,24.1,1.7,17.5,1.7 M22.8,14.1c-0.2,3-2.8,5.2-5.8,4.9  c-3-0.2-5.2-2.8-4.9-5.8c0.2-2.6,2.3-4.7,4.9-4.9c3-0.2,5.6,2,5.8,5C22.9,13.5,22.9,13.8,22.8,14.1\"><\/path><\/g><\/svg><\/i><\/span><\/div><\/div><\/div><div class=\"wdt-content-detail-group\"><div class=\"wdt-content-title\"><h5>\u0130skele Merkez<\/h5><\/div><div class=\"wdt-content-description\">20 Temmuz Cad. Anavatan Park\u0131 Yan\u0131\n<br>No:11 \u0130skele KKTC\n<\/div><\/div><\/div><\/div><div class=\"wdt-column\"><div class=\"wdt-content-item\"><div class=\"wdt-content-media-group\"><div class=\"wdt-content-icon-wrapper\"><div class=\"wdt-content-icon\"><span><i><svg xmlns=\"http:\/\/www.w3.org\/2000\/svg\" xmlns:xlink=\"http:\/\/www.w3.org\/1999\/xlink\" x=\"0px\" y=\"0px\" viewBox=\"0 0 35 35\" style=\"enable-background:new 0 0 35 35;\" xml:space=\"preserve\"><filter filterUnits=\"userSpaceOnUse\" height=\"46.755\" width=\"37.845\" x=\"0\" y=\"0\">\t\t<feGaussianBlur stdDeviation=\"1.5\"><\/feGaussianBlur>\t\t\t<\/filter><g transform=\"matrix(1, 0, 0, 1, 0, 0)\">\t<path d=\"M17.5,1.7c-6.6,0-12,5.4-12,12c0,5,6.9,14.3,10.5,19c0.6,0.8,1.8,0.9,2.6,0.3  c0.1-0.1,0.2-0.2,0.3-0.3c3.7-4.6,10.5-14,10.5-19C29.5,7,24.1,1.7,17.5,1.7 M22.8,14.1c-0.2,3-2.8,5.2-5.8,4.9  c-3-0.2-5.2-2.8-4.9-5.8c0.2-2.6,2.3-4.7,4.9-4.9c3-0.2,5.6,2,5.8,5C22.9,13.5,22.9,13.8,22.8,14.1\"><\/path><\/g><\/svg><\/i><\/span><\/div><\/div><\/div><div class=\"wdt-content-detail-group\"><div class=\"wdt-content-title\"><h5>\u0130skele Long Beach<\/h5><\/div><div class=\"wdt-content-description\">Seastar 1, Noyanlar Holiday Homes Yan\u0131\n<br>Long Beach \u0130skele KKTC\n<\/div><\/div><\/div><\/div><div class=\"wdt-column\"><div class=\"wdt-content-item\"><div class=\"wdt-content-media-group\"><div class=\"wdt-content-icon-wrapper\"><div class=\"wdt-content-icon\"><span><i><svg xmlns=\"http:\/\/www.w3.org\/2000\/svg\" xmlns:xlink=\"http:\/\/www.w3.org\/1999\/xlink\" x=\"0px\" y=\"0px\" viewBox=\"0 0 35 35\" style=\"enable-background:new 0 0 35 35;\" xml:space=\"preserve\"><filter filterUnits=\"userSpaceOnUse\" height=\"30.882\" width=\"21.462\" x=\"21.538\" y=\"1.493\">\t\t<feGaussianBlur stdDeviation=\"1.5\"><\/feGaussianBlur>\t\t\t<\/filter><filter filterUnits=\"userSpaceOnUse\" height=\"30.874\" width=\"21.462\" x=\"0\" y=\"1.501\">\t\t<feGaussianBlur stdDeviation=\"1.5\"><\/feGaussianBlur>\t\t\t<\/filter><filter filterUnits=\"userSpaceOnUse\" height=\"24.367\" width=\"41.466\" x=\"0.77\" y=\"0\">\t\t<feGaussianBlur stdDeviation=\"1.5\"><\/feGaussianBlur>\t\t\t<\/filter><filter filterUnits=\"userSpaceOnUse\" height=\"20.857\" width=\"41.466\" x=\"0.763\" y=\"13.143\">\t\t<feGaussianBlur stdDeviation=\"1.5\"><\/feGaussianBlur>\t\t\t<\/filter><g transform=\"translate(-266 -1082)\">\t<g transform=\"matrix(1, 0, 0, 1, 266, 1082)\">\t\t<path d=\"M17.5,22.4l-4-3.6L2,28.9c0.4,0.4,1,0.6,1.6,0.6h27.8c0.6,0,1.2-0.2,1.6-0.6L21.5,18.8   L17.5,22.4z\"><\/path>\t<\/g>\t<g transform=\"matrix(1, 0, 0, 1, 266, 1082)\">\t\t<path d=\"M33,6.1c-0.4-0.4-1-0.6-1.6-0.6H3.6C3,5.5,2.4,5.7,2,6.1l15.5,13.6L33,6.1z\"><\/path>\t<\/g>\t<g transform=\"matrix(1, 0, 0, 1, 266, 1082)\">\t\t<path d=\"M1,7.6v19.7l11.2-9.7L1,7.6z\"><\/path>\t<\/g>\t<g transform=\"matrix(1, 0, 0, 1, 266, 1082)\">\t\t<path d=\"M22.8,17.6L34,27.3V7.6L22.8,17.6z\"><\/path>\t<\/g><\/g><\/svg><\/i><\/span><\/div><\/div><\/div><div class=\"wdt-content-detail-group\"><div class=\"wdt-content-title\"><h5><a href=\"mailto:info@towernet.net\" target=\"_blank\" rel=\"nofollow\" >Bize e-mail at\u0131n<\/a><\/h5><\/div><div class=\"wdt-content-description\"><a href=\"mailto:info@towernet.net\">info@towernet.net<\/a><\/div><\/div><\/div><\/div><div class=\"wdt-column\"><div class=\"wdt-content-item\"><div class=\"wdt-content-media-group\"><div class=\"wdt-content-icon-wrapper\"><div class=\"wdt-content-icon\"><span><i><svg xmlns=\"http:\/\/www.w3.org\/2000\/svg\" xmlns:xlink=\"http:\/\/www.w3.org\/1999\/xlink\" x=\"0px\" y=\"0px\" viewBox=\"0 0 35 35\" style=\"enable-background:new 0 0 35 35;\" xml:space=\"preserve\"><filter filterUnits=\"userSpaceOnUse\" height=\"41.088\" width=\"38.819\" x=\"0\" y=\"0\">\t\t<feGaussianBlur stdDeviation=\"1.5\"><\/feGaussianBlur>\t\t\t<\/filter><g transform=\"matrix(1, 0, 0, 1, 0, 0)\">\t<path d=\"M30.8,24.4L26,21.8c-1.2-0.7-2.7-0.3-3.6,0.8l-1.9,2.6c-2.3-1.4-4.3-3.2-6-5.3  c-1.8-2.1-3.2-3.8-4.1-6.5l3.2-1.9c1.2-0.7,1.7-2.2,1.1-3.4l-2.2-4.9c-0.5-1.1-1.9-1.6-3-1.1c0,0-0.1,0-0.1,0.1  C7,3.5,3.7,5.8,3.2,8.3C2.6,14.3,4.6,20.4,8.5,25c4,4.7,9.8,7.6,15.9,8.1c2.7,0.1,5.5-3.3,7-5.5c0.7-1,0.4-2.3-0.5-3  C30.9,24.5,30.8,24.4,30.8,24.4\"><\/path><\/g><\/svg><\/i><\/span><\/div><\/div><\/div><div class=\"wdt-content-detail-group\"><div class=\"wdt-content-title\"><h5>Telefon edin<\/h5><\/div><div class=\"wdt-content-description\"><a href=\"tel:+905338592979\">0533 859 29 79<\/a> <br>\n<a href=\"tel:+905488670777\">0548 867 07 77<\/a><\/div><\/div><\/div><\/div><div class=\"wdt-column\"><div class=\"wdt-content-item\"><div class=\"wdt-content-media-group\"><div class=\"wdt-content-icon-wrapper\"><div class=\"wdt-content-icon\"><span><i aria-hidden=\"true\" class=\"fab fa-whatsapp\"><\/i><\/span><\/div><\/div><\/div><div class=\"wdt-content-detail-group\"><div class=\"wdt-content-title\"><h5><a href=\"https:\/\/wa.me\/905488670772\" target=\"_blank\" rel=\"nofollow\" >WhatsApp ile yaz\u0131n<\/a><\/h5><\/div><div class=\"wdt-content-description\"><a href=\"https:\/\/wa.me\/905488670772\">0548 867 07 72<\/a> <\/div><\/div><\/div><\/div><\/div><\/div>\t\t\t\t<\/div>\n\t\t\t\t<\/div>\n\t\t\t\t\t<\/div>\n\t\t<\/div>\n\t\t\t\t<div class=\"elementor-column elementor-col-50 elementor-inner-column elementor-element elementor-element-7dae8c9\" data-id=\"7dae8c9\" data-element_type=\"column\">\n\t\t\t<div class=\"elementor-widget-wrap elementor-element-populated\">\n\t\t\t\t\t\t<div class=\"elementor-element elementor-element-b4f7dec elementor-widget elementor-widget-image\" data-id=\"b4f7dec\" data-element_type=\"widget\" data-settings=\"{&quot;wdt_animation_effect&quot;:&quot;mouse-move&quot;,&quot;wdt_mme_depth&quot;:{&quot;unit&quot;:&quot;dpt&quot;,&quot;size&quot;:0.5,&quot;sizes&quot;:[]},&quot;wdt_mme_speed&quot;:{&quot;unit&quot;:&quot;ms&quot;,&quot;size&quot;:0.1,&quot;sizes&quot;:[]},&quot;wdt_mme_speed_laptop&quot;:{&quot;unit&quot;:&quot;px&quot;,&quot;size&quot;:&quot;&quot;,&quot;sizes&quot;:[]},&quot;wdt_mme_speed_tablet_extra&quot;:{&quot;unit&quot;:&quot;px&quot;,&quot;size&quot;:&quot;&quot;,&quot;sizes&quot;:[]},&quot;wdt_mme_speed_tablet&quot;:{&quot;unit&quot;:&quot;px&quot;,&quot;size&quot;:&quot;&quot;,&quot;sizes&quot;:[]},&quot;wdt_mme_speed_mobile_extra&quot;:{&quot;unit&quot;:&quot;px&quot;,&quot;size&quot;:&quot;&quot;,&quot;sizes&quot;:[]},&quot;wdt_mme_speed_mobile&quot;:{&quot;unit&quot;:&quot;px&quot;,&quot;size&quot;:&quot;&quot;,&quot;sizes&quot;:[]},&quot;wdt_mme_depth_laptop&quot;:{&quot;unit&quot;:&quot;px&quot;,&quot;size&quot;:&quot;&quot;,&quot;sizes&quot;:[]},&quot;wdt_mme_depth_tablet_extra&quot;:{&quot;unit&quot;:&quot;px&quot;,&quot;size&quot;:&quot;&quot;,&quot;sizes&quot;:[]},&quot;wdt_mme_depth_tablet&quot;:{&quot;unit&quot;:&quot;px&quot;,&quot;size&quot;:&quot;&quot;,&quot;sizes&quot;:[]},&quot;wdt_mme_depth_mobile_extra&quot;:{&quot;unit&quot;:&quot;px&quot;,&quot;size&quot;:&quot;&quot;,&quot;sizes&quot;:[]},&quot;wdt_mme_depth_mobile&quot;:{&quot;unit&quot;:&quot;px&quot;,&quot;size&quot;:&quot;&quot;,&quot;sizes&quot;:[]},&quot;wdt_mme_move_along&quot;:&quot;both&quot;}\" data-widget_type=\"image.default\">\n\t\t\t\t<div class=\"elementor-widget-container\">\n\t\t\t\t\t\t\t\t\t\t\t\t\t\t\t<img fetchpriority=\"high\" decoding=\"async\" width=\"660\" height=\"720\" src=\"https:\/\/bogazicimedya.com\/towernet\/wp-content\/uploads\/2025\/03\/iletisimGorsel.png\" class=\"attachment-full size-full wp-image-1888\" alt=\"\" srcset=\"https:\/\/bogazicimedya.com\/towernet\/wp-content\/uploads\/2025\/03\/iletisimGorsel.png 660w, https:\/\/bogazicimedya.com\/towernet\/wp-content\/uploads\/2025\/03\/iletisimGorsel-275x300.png 275w\" sizes=\"(max-width: 660px) 100vw, 660px\" \/>\t\t\t\t\t\t\t\t\t\t\t\t\t\t\t<\/div>\n\t\t\t\t<\/div>\n\t\t\t\t\t<\/div>\n\t\t<\/div>\n\t\t\t\t\t<\/div>\n\t\t<\/section>\n\t\t\t\t\t<\/div>\n\t\t<\/div>\n\t\t\t\t<div class=\"elementor-column elementor-col-50 elementor-inner-column elementor-element elementor-element-56c56b4 elementor-invisible\" data-id=\"56c56b4\" data-element_type=\"column\" data-settings=\"{&quot;animation&quot;:&quot;fadeInRight&quot;}\">\n\t\t\t<div class=\"elementor-widget-wrap elementor-element-populated\">\n\t\t\t\t\t\t<div class=\"elementor-element elementor-element-9dc0ec5 elementor-widget elementor-widget-html\" data-id=\"9dc0ec5\" data-element_type=\"widget\" data-settings=\"{&quot;wdt_animation_effect&quot;:&quot;none&quot;}\" data-widget_type=\"html.default\">\n\t\t\t\t<div class=\"elementor-widget-container\">\n\t\t\t\t\t<iframe src=\"https:\/\/www.google.com\/maps\/d\/u\/0\/embed?mid=1BqZZNSTEJU7a6o-YqGUvve3QXPKipcY&ehbc=2E312F\" width=\"640\" height=\"850\"><\/iframe>\t\t\t\t<\/div>\n\t\t\t\t<\/div>\n\t\t\t\t\t<\/div>\n\t\t<\/div>\n\t\t\t\t\t<\/div>\n\t\t<\/section>\n\t\t\t\t\t<\/div>\n\t\t<\/div>\n\t\t\t\t\t<\/div>\n\t\t<\/section>\n\t\t\t\t<section class=\"elementor-section elementor-top-section elementor-element elementor-element-e25b833 elementor-section-full_width elementor-hidden-desktop elementor-hidden-laptop elementor-hidden-tablet_extra elementor-hidden-tablet elementor-hidden-mobile_extra elementor-hidden-mobile elementor-section-height-default elementor-section-height-default\" data-id=\"e25b833\" data-element_type=\"section\" data-settings=\"{&quot;wdt_bg_image&quot;:{&quot;url&quot;:&quot;&quot;,&quot;id&quot;:&quot;&quot;,&quot;size&quot;:&quot;&quot;},&quot;wdt_bg_image_laptop&quot;:{&quot;url&quot;:&quot;&quot;,&quot;id&quot;:&quot;&quot;,&quot;size&quot;:&quot;&quot;},&quot;wdt_bg_image_tablet_extra&quot;:{&quot;url&quot;:&quot;&quot;,&quot;id&quot;:&quot;&quot;,&quot;size&quot;:&quot;&quot;},&quot;wdt_bg_image_tablet&quot;:{&quot;url&quot;:&quot;&quot;,&quot;id&quot;:&quot;&quot;,&quot;size&quot;:&quot;&quot;},&quot;wdt_bg_image_mobile_extra&quot;:{&quot;url&quot;:&quot;&quot;,&quot;id&quot;:&quot;&quot;,&quot;size&quot;:&quot;&quot;},&quot;wdt_bg_image_mobile&quot;:{&quot;url&quot;:&quot;&quot;,&quot;id&quot;:&quot;&quot;,&quot;size&quot;:&quot;&quot;},&quot;wdt_bg_position&quot;:&quot;center center&quot;,&quot;wdt_animation_effect&quot;:&quot;none&quot;}\">\n\t\t\t\t\t\t<div class=\"elementor-container elementor-column-gap-no\">\n\t\t\t\t\t<div class=\"elementor-column elementor-col-100 elementor-top-column elementor-element elementor-element-4e1092c\" data-id=\"4e1092c\" data-element_type=\"column\">\n\t\t\t<div class=\"elementor-widget-wrap elementor-element-populated\">\n\t\t\t\t\t\t<div class=\"elementor-element elementor-element-b793925 elementor-widget elementor-widget-html\" data-id=\"b793925\" data-element_type=\"widget\" data-settings=\"{&quot;wdt_animation_effect&quot;:&quot;none&quot;}\" data-widget_type=\"html.default\">\n\t\t\t\t<div class=\"elementor-widget-container\">\n\t\t\t\t\t<iframe src=\"https:\/\/www.google.com\/maps\/embed?pb=!1m16!1m12!1m3!1d2307.2670900867793!2d33.92364104487523!3d35.1324618400271!2m3!1f0!2f0!3f0!3m2!1i1024!2i768!4f13.1!2m1!1zxLBzbWV0IMSwbsO2bsO8IEJ1bHZhcsSxLCBDIEJsb2ssIE3DvG10YXogQXB0LiwgTm86IDU!5e0!3m2!1sen!2str!4v1742035687563!5m2!1sen!2str\" width=\"600\" height=\"450\" style=\"border:0;\" allowfullscreen=\"\" loading=\"lazy\" referrerpolicy=\"no-referrer-when-downgrade\"><\/iframe>\t\t\t\t<\/div>\n\t\t\t\t<\/div>\n\t\t\t\t\t<\/div>\n\t\t<\/div>\n\t\t\t\t\t<\/div>\n\t\t<\/section>\n\t\t\t\t<\/div>\n\t\t","protected":false},"excerpt":{"rendered":"<p>G\u00fcvenilir \u0130nternet Sa\u011flay\u0131c\u0131n\u0131z Bizimle \u0130leti\u015fime Ge\u00e7erek \u0130htiya\u00e7lar\u0131n\u0131za \u00d6zel \u00c7\u00f6z\u00fcmler Talep Edebilirsiniz Gazima\u011fusa \u0130smet \u0130n\u00f6n\u00fc Bulvar\u0131, M\u00fcmtaz Apt. C Blok No: 5 (Halk Bankas\u0131 kar\u015f\u0131s\u0131) Gazima\u011fusa \/ KKTC \u0130skele Merkez 20 Temmuz Cad. Anavatan Park\u0131 Yan\u0131 No:11 \u0130skele KKTC \u0130skele Long Beach Seastar 1, Noyanlar Holiday Homes Yan\u0131 Long Beach \u0130skele KKTC Bize e-mail at\u0131n info@towernet.net [&hellip;]<\/p>\n","protected":false},"author":1,"featured_media":0,"parent":0,"menu_order":0,"comment_status":"closed","ping_status":"closed","template":"elementor_header_footer","meta":{"footnotes":""},"class_list":["post-391","page","type-page","status-publish","hentry"],"_links":{"self":[{"href":"https:\/\/bogazicimedya.com\/towernet\/wp-json\/wp\/v2\/pages\/391","targetHints":{"allow":["GET"]}}],"collection":[{"href":"https:\/\/bogazicimedya.com\/towernet\/wp-json\/wp\/v2\/pages"}],"about":[{"href":"https:\/\/bogazicimedya.com\/towernet\/wp-json\/wp\/v2\/types\/page"}],"author":[{"embeddable":true,"href":"https:\/\/bogazicimedya.com\/towernet\/wp-json\/wp\/v2\/users\/1"}],"replies":[{"embeddable":true,"href":"https:\/\/bogazicimedya.com\/towernet\/wp-json\/wp\/v2\/comments?post=391"}],"version-history":[{"count":37,"href":"https:\/\/bogazicimedya.com\/towernet\/wp-json\/wp\/v2\/pages\/391\/revisions"}],"predecessor-version":[{"id":1969,"href":"https:\/\/bogazicimedya.com\/towernet\/wp-json\/wp\/v2\/pages\/391\/revisions\/1969"}],"wp:attachment":[{"href":"https:\/\/bogazicimedya.com\/towernet\/wp-json\/wp\/v2\/media?parent=391"}],"curies":[{"name":"wp","href":"https:\/\/api.w.org\/{rel}","templated":true}]}}